{"id":96,"date":"2025-01-12T10:30:42","date_gmt":"2025-01-12T07:30:42","guid":{"rendered":"https:\/\/dogalcicekcilik.net.tr\/?post_type=product&#038;p=96"},"modified":"2025-01-28T11:36:54","modified_gmt":"2025-01-28T08:36:54","slug":"leylandi-servi","status":"publish","type":"product","link":"https:\/\/dogalcicekcilik.net.tr\/?product=leylandi-servi","title":{"rendered":"Leylandi Servi"},"content":{"rendered":"<p>Leylandi servi 10 20 cm aras\u0131nda<\/p>\n","protected":false},"excerpt":{"rendered":"<p>Leylandi servi 10 20 cm aras\u0131nda<\/p>\n","protected":false},"featured_media":97,"comment_status":"open","ping_status":"closed","template":"","meta":{"_regular_price":["10"],"currency_symbol":[],"_joinchat":[]},"product_brand":[],"product_cat":[17],"product_tag":[],"class_list":{"0":"post-96","1":"product","2":"type-product","3":"status-publish","4":"has-post-thumbnail","6":"product_cat-agac-turleri","8":"first","9":"instock","10":"taxable","11":"shipping-taxable","12":"purchasable","13":"product-type-simple"},"post_slider_layout_featured_media_urls":{"thumbnail":["https:\/\/dogalcicekcilik.net.tr\/wp-content\/uploads\/2025\/01\/IMG-20240922-WA00001-150x150.jpg",150,150,true],"post_slider_layout_landscape_large":["https:\/\/dogalcicekcilik.net.tr\/wp-content\/uploads\/2025\/01\/IMG-20240922-WA00001-720x800.jpg",720,800,true],"post_slider_layout_portrait_large":["https:\/\/dogalcicekcilik.net.tr\/wp-content\/uploads\/2025\/01\/IMG-20240922-WA00001.jpg",720,1600,false],"post_slider_layout_square_large":["https:\/\/dogalcicekcilik.net.tr\/wp-content\/uploads\/2025\/01\/IMG-20240922-WA00001-720x1200.jpg",720,1200,true],"post_slider_layout_landscape":["https:\/\/dogalcicekcilik.net.tr\/wp-content\/uploads\/2025\/01\/IMG-20240922-WA00001-600x400.jpg",600,400,true],"post_slider_layout_portrait":["https:\/\/dogalcicekcilik.net.tr\/wp-content\/uploads\/2025\/01\/IMG-20240922-WA00001-600x900.jpg",600,900,true],"post_slider_layout_square":["https:\/\/dogalcicekcilik.net.tr\/wp-content\/uploads\/2025\/01\/IMG-20240922-WA00001-600x600.jpg",600,600,true],"full":["https:\/\/dogalcicekcilik.net.tr\/wp-content\/uploads\/2025\/01\/IMG-20240922-WA00001.jpg",720,1600,false]},"yoast_head":"<!-- This site is optimized with the Yoast SEO plugin v27.4 - https:\/\/yoast.com\/product\/yoast-seo-wordpress\/ -->\n<title>Leylandi Servi - Do\u011fal \u00c7i\u00e7ek\u00e7ilik<\/title>\n<meta name=\"robots\" content=\"index, follow, max-snippet:-1, max-image-preview:large, max-video-preview:-1\" \/>\n<link rel=\"canonical\" href=\"https:\/\/dogalcicekcilik.net.tr\/?product=leylandi-servi\" \/>\n<meta property=\"og:locale\" content=\"tr_TR\" \/>\n<meta property=\"og:type\" content=\"article\" \/>\n<meta property=\"og:title\" content=\"Leylandi Servi - Do\u011fal \u00c7i\u00e7ek\u00e7ilik\" \/>\n<meta property=\"og:description\" content=\"Leylandi servi 10 20 cm aras\u0131nda\" \/>\n<meta property=\"og:url\" content=\"https:\/\/dogalcicekcilik.net.tr\/?product=leylandi-servi\" \/>\n<meta property=\"og:site_name\" content=\"Do\u011fal \u00c7i\u00e7ek\u00e7ilik\" \/>\n<meta property=\"article:modified_time\" content=\"2025-01-28T08:36:54+00:00\" \/>\n<meta property=\"og:image\" content=\"https:\/\/dogalcicekcilik.net.tr\/wp-content\/uploads\/2025\/01\/IMG-20240922-WA00001.jpg\" \/>\n\t<meta property=\"og:image:width\" content=\"720\" \/>\n\t<meta property=\"og:image:height\" content=\"1600\" \/>\n\t<meta property=\"og:image:type\" content=\"image\/jpeg\" \/>\n<meta name=\"twitter:card\" content=\"summary_large_image\" \/>\n<meta name=\"twitter:label1\" content=\"Tahmini okuma s\u00fcresi\" \/>\n\t<meta name=\"twitter:data1\" content=\"1 dakika\" \/>\n<script type=\"application\/ld+json\" class=\"yoast-schema-graph\">{\"@context\":\"https:\\\/\\\/schema.org\",\"@graph\":[{\"@type\":\"WebPage\",\"@id\":\"https:\\\/\\\/dogalcicekcilik.net.tr\\\/?product=leylandi-servi\",\"url\":\"https:\\\/\\\/dogalcicekcilik.net.tr\\\/?product=leylandi-servi\",\"name\":\"Leylandi Servi - Do\u011fal \u00c7i\u00e7ek\u00e7ilik\",\"isPartOf\":{\"@id\":\"https:\\\/\\\/dogalcicekcilik.net.tr\\\/#website\"},\"primaryImageOfPage\":{\"@id\":\"https:\\\/\\\/dogalcicekcilik.net.tr\\\/?product=leylandi-servi#primaryimage\"},\"image\":{\"@id\":\"https:\\\/\\\/dogalcicekcilik.net.tr\\\/?product=leylandi-servi#primaryimage\"},\"thumbnailUrl\":\"https:\\\/\\\/dogalcicekcilik.net.tr\\\/wp-content\\\/uploads\\\/2025\\\/01\\\/IMG-20240922-WA00001.jpg\",\"datePublished\":\"2025-01-12T07:30:42+00:00\",\"dateModified\":\"2025-01-28T08:36:54+00:00\",\"breadcrumb\":{\"@id\":\"https:\\\/\\\/dogalcicekcilik.net.tr\\\/?product=leylandi-servi#breadcrumb\"},\"inLanguage\":\"tr\",\"potentialAction\":[{\"@type\":\"ReadAction\",\"target\":[\"https:\\\/\\\/dogalcicekcilik.net.tr\\\/?product=leylandi-servi\"]}]},{\"@type\":\"ImageObject\",\"inLanguage\":\"tr\",\"@id\":\"https:\\\/\\\/dogalcicekcilik.net.tr\\\/?product=leylandi-servi#primaryimage\",\"url\":\"https:\\\/\\\/dogalcicekcilik.net.tr\\\/wp-content\\\/uploads\\\/2025\\\/01\\\/IMG-20240922-WA00001.jpg\",\"contentUrl\":\"https:\\\/\\\/dogalcicekcilik.net.tr\\\/wp-content\\\/uploads\\\/2025\\\/01\\\/IMG-20240922-WA00001.jpg\",\"width\":720,\"height\":1600},{\"@type\":\"BreadcrumbList\",\"@id\":\"https:\\\/\\\/dogalcicekcilik.net.tr\\\/?product=leylandi-servi#breadcrumb\",\"itemListElement\":[{\"@type\":\"ListItem\",\"position\":1,\"name\":\"Anasayfa\",\"item\":\"https:\\\/\\\/dogalcicekcilik.net.tr\\\/\"},{\"@type\":\"ListItem\",\"position\":2,\"name\":\"Shop\",\"item\":\"https:\\\/\\\/dogalcicekcilik.net.tr\\\/\"},{\"@type\":\"ListItem\",\"position\":3,\"name\":\"Leylandi Servi\"}]},{\"@type\":\"WebSite\",\"@id\":\"https:\\\/\\\/dogalcicekcilik.net.tr\\\/#website\",\"url\":\"https:\\\/\\\/dogalcicekcilik.net.tr\\\/\",\"name\":\"Do\u011fal \u00c7i\u00e7ek\u00e7ilik\",\"description\":\"\",\"potentialAction\":[{\"@type\":\"SearchAction\",\"target\":{\"@type\":\"EntryPoint\",\"urlTemplate\":\"https:\\\/\\\/dogalcicekcilik.net.tr\\\/?s={search_term_string}\"},\"query-input\":{\"@type\":\"PropertyValueSpecification\",\"valueRequired\":true,\"valueName\":\"search_term_string\"}}],\"inLanguage\":\"tr\"}]}<\/script>\n<!-- \/ Yoast SEO plugin. -->","yoast_head_json":{"title":"Leylandi Servi - Do\u011fal \u00c7i\u00e7ek\u00e7ilik","robots":{"index":"index","follow":"follow","max-snippet":"max-snippet:-1","max-image-preview":"max-image-preview:large","max-video-preview":"max-video-preview:-1"},"canonical":"https:\/\/dogalcicekcilik.net.tr\/?product=leylandi-servi","og_locale":"tr_TR","og_type":"article","og_title":"Leylandi Servi - Do\u011fal \u00c7i\u00e7ek\u00e7ilik","og_description":"Leylandi servi 10 20 cm aras\u0131nda","og_url":"https:\/\/dogalcicekcilik.net.tr\/?product=leylandi-servi","og_site_name":"Do\u011fal \u00c7i\u00e7ek\u00e7ilik","article_modified_time":"2025-01-28T08:36:54+00:00","og_image":[{"width":720,"height":1600,"url":"https:\/\/dogalcicekcilik.net.tr\/wp-content\/uploads\/2025\/01\/IMG-20240922-WA00001.jpg","type":"image\/jpeg"}],"twitter_card":"summary_large_image","twitter_misc":{"Tahmini okuma s\u00fcresi":"1 dakika"},"schema":{"@context":"https:\/\/schema.org","@graph":[{"@type":"WebPage","@id":"https:\/\/dogalcicekcilik.net.tr\/?product=leylandi-servi","url":"https:\/\/dogalcicekcilik.net.tr\/?product=leylandi-servi","name":"Leylandi Servi - Do\u011fal \u00c7i\u00e7ek\u00e7ilik","isPartOf":{"@id":"https:\/\/dogalcicekcilik.net.tr\/#website"},"primaryImageOfPage":{"@id":"https:\/\/dogalcicekcilik.net.tr\/?product=leylandi-servi#primaryimage"},"image":{"@id":"https:\/\/dogalcicekcilik.net.tr\/?product=leylandi-servi#primaryimage"},"thumbnailUrl":"https:\/\/dogalcicekcilik.net.tr\/wp-content\/uploads\/2025\/01\/IMG-20240922-WA00001.jpg","datePublished":"2025-01-12T07:30:42+00:00","dateModified":"2025-01-28T08:36:54+00:00","breadcrumb":{"@id":"https:\/\/dogalcicekcilik.net.tr\/?product=leylandi-servi#breadcrumb"},"inLanguage":"tr","potentialAction":[{"@type":"ReadAction","target":["https:\/\/dogalcicekcilik.net.tr\/?product=leylandi-servi"]}]},{"@type":"ImageObject","inLanguage":"tr","@id":"https:\/\/dogalcicekcilik.net.tr\/?product=leylandi-servi#primaryimage","url":"https:\/\/dogalcicekcilik.net.tr\/wp-content\/uploads\/2025\/01\/IMG-20240922-WA00001.jpg","contentUrl":"https:\/\/dogalcicekcilik.net.tr\/wp-content\/uploads\/2025\/01\/IMG-20240922-WA00001.jpg","width":720,"height":1600},{"@type":"BreadcrumbList","@id":"https:\/\/dogalcicekcilik.net.tr\/?product=leylandi-servi#breadcrumb","itemListElement":[{"@type":"ListItem","position":1,"name":"Anasayfa","item":"https:\/\/dogalcicekcilik.net.tr\/"},{"@type":"ListItem","position":2,"name":"Shop","item":"https:\/\/dogalcicekcilik.net.tr\/"},{"@type":"ListItem","position":3,"name":"Leylandi Servi"}]},{"@type":"WebSite","@id":"https:\/\/dogalcicekcilik.net.tr\/#website","url":"https:\/\/dogalcicekcilik.net.tr\/","name":"Do\u011fal \u00c7i\u00e7ek\u00e7ilik","description":"","potentialAction":[{"@type":"SearchAction","target":{"@type":"EntryPoint","urlTemplate":"https:\/\/dogalcicekcilik.net.tr\/?s={search_term_string}"},"query-input":{"@type":"PropertyValueSpecification","valueRequired":true,"valueName":"search_term_string"}}],"inLanguage":"tr"}]}},"jetpack_sharing_enabled":true,"_links":{"self":[{"href":"https:\/\/dogalcicekcilik.net.tr\/index.php?rest_route=\/wp\/v2\/product\/96","targetHints":{"allow":["GET"]}}],"collection":[{"href":"https:\/\/dogalcicekcilik.net.tr\/index.php?rest_route=\/wp\/v2\/product"}],"about":[{"href":"https:\/\/dogalcicekcilik.net.tr\/index.php?rest_route=\/wp\/v2\/types\/product"}],"replies":[{"embeddable":true,"href":"https:\/\/dogalcicekcilik.net.tr\/index.php?rest_route=%2Fwp%2Fv2%2Fcomments&post=96"}],"wp:featuredmedia":[{"embeddable":true,"href":"https:\/\/dogalcicekcilik.net.tr\/index.php?rest_route=\/wp\/v2\/media\/97"}],"wp:attachment":[{"href":"https:\/\/dogalcicekcilik.net.tr\/index.php?rest_route=%2Fwp%2Fv2%2Fmedia&parent=96"}],"wp:term":[{"taxonomy":"product_brand","embeddable":true,"href":"https:\/\/dogalcicekcilik.net.tr\/index.php?rest_route=%2Fwp%2Fv2%2Fproduct_brand&post=96"},{"taxonomy":"product_cat","embeddable":true,"href":"https:\/\/dogalcicekcilik.net.tr\/index.php?rest_route=%2Fwp%2Fv2%2Fproduct_cat&post=96"},{"taxonomy":"product_tag","embeddable":true,"href":"https:\/\/dogalcicekcilik.net.tr\/index.php?rest_route=%2Fwp%2Fv2%2Fproduct_tag&post=96"}],"curies":[{"name":"wp","href":"https:\/\/api.w.org\/{rel}","templated":true}]}}