{"id":37,"date":"2025-01-11T21:29:39","date_gmt":"2025-01-11T18:29:39","guid":{"rendered":"https:\/\/dogalcicekcilik.net.tr\/?post_type=product&#038;p=37"},"modified":"2025-03-04T20:35:46","modified_gmt":"2025-03-04T17:35:46","slug":"limon-servi","status":"publish","type":"product","link":"https:\/\/dogalcicekcilik.net.tr\/?product=limon-servi","title":{"rendered":"Limon Servi"},"content":{"rendered":"<p>Limon Servi<\/p>\n<p>50 cm 100 cm aras\u0131nda<\/p>\n","protected":false},"excerpt":{"rendered":"<p>Limon Servi<\/p>\n<p>50 cm 100 cm aras\u0131nda<img decoding=\"async\" class=\"alignnone size-medium wp-image-38 lazyload\" data-src=\"https:\/\/dogalcicekcilik.net.tr\/wp-content\/uploads\/2025\/01\/limon-223x300.jpg\" alt=\"\" width=\"223\" height=\"300\" data-srcset=\"https:\/\/dogalcicekcilik.net.tr\/wp-content\/uploads\/2025\/01\/limon-223x300.jpg 223w, https:\/\/dogalcicekcilik.net.tr\/wp-content\/uploads\/2025\/01\/limon-762x1024.jpg 762w, https:\/\/dogalcicekcilik.net.tr\/wp-content\/uploads\/2025\/01\/limon-768x1032.jpg 768w, https:\/\/dogalcicekcilik.net.tr\/wp-content\/uploads\/2025\/01\/limon-1143x1536.jpg 1143w, https:\/\/dogalcicekcilik.net.tr\/wp-content\/uploads\/2025\/01\/limon-1524x2048.jpg 1524w, https:\/\/dogalcicekcilik.net.tr\/wp-content\/uploads\/2025\/01\/limon-600x806.jpg 600w, https:\/\/dogalcicekcilik.net.tr\/wp-content\/uploads\/2025\/01\/limon.jpg 1536w\" data-sizes=\"(max-width: 223px) 100vw, 223px\" src=\"data:image\/gif;base64,R0lGODlhAQABAAAAACH5BAEKAAEALAAAAAABAAEAAAICTAEAOw==\" style=\"--smush-placeholder-width: 223px; --smush-placeholder-aspect-ratio: 223\/300;\" \/><\/p>\n","protected":false},"featured_media":38,"comment_status":"open","ping_status":"closed","template":"","meta":{"_regular_price":[],"currency_symbol":[],"_joinchat":[]},"product_brand":[],"product_cat":[17],"product_tag":[],"class_list":{"0":"post-37","1":"product","2":"type-product","3":"status-publish","4":"has-post-thumbnail","6":"product_cat-agac-turleri","8":"first","9":"instock","10":"taxable","11":"shipping-taxable","12":"product-type-simple"},"post_slider_layout_featured_media_urls":{"thumbnail":["https:\/\/dogalcicekcilik.net.tr\/wp-content\/uploads\/2025\/01\/limon-150x150.jpg",150,150,true],"post_slider_layout_landscape_large":["https:\/\/dogalcicekcilik.net.tr\/wp-content\/uploads\/2025\/01\/limon-1200x800.jpg",1200,800,true],"post_slider_layout_portrait_large":["https:\/\/dogalcicekcilik.net.tr\/wp-content\/uploads\/2025\/01\/limon-1200x1800.jpg",1200,1800,true],"post_slider_layout_square_large":["https:\/\/dogalcicekcilik.net.tr\/wp-content\/uploads\/2025\/01\/limon-1200x1200.jpg",1200,1200,true],"post_slider_layout_landscape":["https:\/\/dogalcicekcilik.net.tr\/wp-content\/uploads\/2025\/01\/limon-600x400.jpg",600,400,true],"post_slider_layout_portrait":["https:\/\/dogalcicekcilik.net.tr\/wp-content\/uploads\/2025\/01\/limon-600x900.jpg",600,900,true],"post_slider_layout_square":["https:\/\/dogalcicekcilik.net.tr\/wp-content\/uploads\/2025\/01\/limon-600x600.jpg",600,600,true],"full":["https:\/\/dogalcicekcilik.net.tr\/wp-content\/uploads\/2025\/01\/limon.jpg",1536,2064,false]},"yoast_head":"<!-- This site is optimized with the Yoast SEO plugin v27.4 - https:\/\/yoast.com\/product\/yoast-seo-wordpress\/ -->\n<title>Limon Servi - Do\u011fal \u00c7i\u00e7ek\u00e7ilik<\/title>\n<meta name=\"robots\" content=\"index, follow, max-snippet:-1, max-image-preview:large, max-video-preview:-1\" \/>\n<link rel=\"canonical\" href=\"https:\/\/dogalcicekcilik.net.tr\/?product=limon-servi\" \/>\n<meta property=\"og:locale\" content=\"tr_TR\" \/>\n<meta property=\"og:type\" content=\"article\" \/>\n<meta property=\"og:title\" content=\"Limon Servi - Do\u011fal \u00c7i\u00e7ek\u00e7ilik\" \/>\n<meta property=\"og:description\" content=\"Limon Servi  50 cm 100 cm aras\u0131nda\" \/>\n<meta property=\"og:url\" content=\"https:\/\/dogalcicekcilik.net.tr\/?product=limon-servi\" \/>\n<meta property=\"og:site_name\" content=\"Do\u011fal \u00c7i\u00e7ek\u00e7ilik\" \/>\n<meta property=\"article:modified_time\" content=\"2025-03-04T17:35:46+00:00\" \/>\n<meta property=\"og:image\" content=\"https:\/\/dogalcicekcilik.net.tr\/wp-content\/uploads\/2025\/01\/limon.jpg\" \/>\n\t<meta property=\"og:image:width\" content=\"1536\" \/>\n\t<meta property=\"og:image:height\" content=\"2064\" \/>\n\t<meta property=\"og:image:type\" content=\"image\/jpeg\" \/>\n<meta name=\"twitter:card\" content=\"summary_large_image\" \/>\n<meta name=\"twitter:label1\" content=\"Tahmini okuma s\u00fcresi\" \/>\n\t<meta name=\"twitter:data1\" content=\"1 dakika\" \/>\n<script type=\"application\/ld+json\" class=\"yoast-schema-graph\">{\"@context\":\"https:\\\/\\\/schema.org\",\"@graph\":[{\"@type\":\"WebPage\",\"@id\":\"https:\\\/\\\/dogalcicekcilik.net.tr\\\/?product=limon-servi\",\"url\":\"https:\\\/\\\/dogalcicekcilik.net.tr\\\/?product=limon-servi\",\"name\":\"Limon Servi - Do\u011fal \u00c7i\u00e7ek\u00e7ilik\",\"isPartOf\":{\"@id\":\"https:\\\/\\\/dogalcicekcilik.net.tr\\\/#website\"},\"primaryImageOfPage\":{\"@id\":\"https:\\\/\\\/dogalcicekcilik.net.tr\\\/?product=limon-servi#primaryimage\"},\"image\":{\"@id\":\"https:\\\/\\\/dogalcicekcilik.net.tr\\\/?product=limon-servi#primaryimage\"},\"thumbnailUrl\":\"https:\\\/\\\/dogalcicekcilik.net.tr\\\/wp-content\\\/uploads\\\/2025\\\/01\\\/limon.jpg\",\"datePublished\":\"2025-01-11T18:29:39+00:00\",\"dateModified\":\"2025-03-04T17:35:46+00:00\",\"breadcrumb\":{\"@id\":\"https:\\\/\\\/dogalcicekcilik.net.tr\\\/?product=limon-servi#breadcrumb\"},\"inLanguage\":\"tr\",\"potentialAction\":[{\"@type\":\"ReadAction\",\"target\":[\"https:\\\/\\\/dogalcicekcilik.net.tr\\\/?product=limon-servi\"]}]},{\"@type\":\"ImageObject\",\"inLanguage\":\"tr\",\"@id\":\"https:\\\/\\\/dogalcicekcilik.net.tr\\\/?product=limon-servi#primaryimage\",\"url\":\"https:\\\/\\\/dogalcicekcilik.net.tr\\\/wp-content\\\/uploads\\\/2025\\\/01\\\/limon.jpg\",\"contentUrl\":\"https:\\\/\\\/dogalcicekcilik.net.tr\\\/wp-content\\\/uploads\\\/2025\\\/01\\\/limon.jpg\",\"width\":1536,\"height\":2064},{\"@type\":\"BreadcrumbList\",\"@id\":\"https:\\\/\\\/dogalcicekcilik.net.tr\\\/?product=limon-servi#breadcrumb\",\"itemListElement\":[{\"@type\":\"ListItem\",\"position\":1,\"name\":\"Anasayfa\",\"item\":\"https:\\\/\\\/dogalcicekcilik.net.tr\\\/\"},{\"@type\":\"ListItem\",\"position\":2,\"name\":\"Shop\",\"item\":\"https:\\\/\\\/dogalcicekcilik.net.tr\\\/\"},{\"@type\":\"ListItem\",\"position\":3,\"name\":\"Limon Servi\"}]},{\"@type\":\"WebSite\",\"@id\":\"https:\\\/\\\/dogalcicekcilik.net.tr\\\/#website\",\"url\":\"https:\\\/\\\/dogalcicekcilik.net.tr\\\/\",\"name\":\"Do\u011fal \u00c7i\u00e7ek\u00e7ilik\",\"description\":\"\",\"potentialAction\":[{\"@type\":\"SearchAction\",\"target\":{\"@type\":\"EntryPoint\",\"urlTemplate\":\"https:\\\/\\\/dogalcicekcilik.net.tr\\\/?s={search_term_string}\"},\"query-input\":{\"@type\":\"PropertyValueSpecification\",\"valueRequired\":true,\"valueName\":\"search_term_string\"}}],\"inLanguage\":\"tr\"}]}<\/script>\n<!-- \/ Yoast SEO plugin. -->","yoast_head_json":{"title":"Limon Servi - Do\u011fal \u00c7i\u00e7ek\u00e7ilik","robots":{"index":"index","follow":"follow","max-snippet":"max-snippet:-1","max-image-preview":"max-image-preview:large","max-video-preview":"max-video-preview:-1"},"canonical":"https:\/\/dogalcicekcilik.net.tr\/?product=limon-servi","og_locale":"tr_TR","og_type":"article","og_title":"Limon Servi - Do\u011fal \u00c7i\u00e7ek\u00e7ilik","og_description":"Limon Servi  50 cm 100 cm aras\u0131nda","og_url":"https:\/\/dogalcicekcilik.net.tr\/?product=limon-servi","og_site_name":"Do\u011fal \u00c7i\u00e7ek\u00e7ilik","article_modified_time":"2025-03-04T17:35:46+00:00","og_image":[{"width":1536,"height":2064,"url":"https:\/\/dogalcicekcilik.net.tr\/wp-content\/uploads\/2025\/01\/limon.jpg","type":"image\/jpeg"}],"twitter_card":"summary_large_image","twitter_misc":{"Tahmini okuma s\u00fcresi":"1 dakika"},"schema":{"@context":"https:\/\/schema.org","@graph":[{"@type":"WebPage","@id":"https:\/\/dogalcicekcilik.net.tr\/?product=limon-servi","url":"https:\/\/dogalcicekcilik.net.tr\/?product=limon-servi","name":"Limon Servi - Do\u011fal \u00c7i\u00e7ek\u00e7ilik","isPartOf":{"@id":"https:\/\/dogalcicekcilik.net.tr\/#website"},"primaryImageOfPage":{"@id":"https:\/\/dogalcicekcilik.net.tr\/?product=limon-servi#primaryimage"},"image":{"@id":"https:\/\/dogalcicekcilik.net.tr\/?product=limon-servi#primaryimage"},"thumbnailUrl":"https:\/\/dogalcicekcilik.net.tr\/wp-content\/uploads\/2025\/01\/limon.jpg","datePublished":"2025-01-11T18:29:39+00:00","dateModified":"2025-03-04T17:35:46+00:00","breadcrumb":{"@id":"https:\/\/dogalcicekcilik.net.tr\/?product=limon-servi#breadcrumb"},"inLanguage":"tr","potentialAction":[{"@type":"ReadAction","target":["https:\/\/dogalcicekcilik.net.tr\/?product=limon-servi"]}]},{"@type":"ImageObject","inLanguage":"tr","@id":"https:\/\/dogalcicekcilik.net.tr\/?product=limon-servi#primaryimage","url":"https:\/\/dogalcicekcilik.net.tr\/wp-content\/uploads\/2025\/01\/limon.jpg","contentUrl":"https:\/\/dogalcicekcilik.net.tr\/wp-content\/uploads\/2025\/01\/limon.jpg","width":1536,"height":2064},{"@type":"BreadcrumbList","@id":"https:\/\/dogalcicekcilik.net.tr\/?product=limon-servi#breadcrumb","itemListElement":[{"@type":"ListItem","position":1,"name":"Anasayfa","item":"https:\/\/dogalcicekcilik.net.tr\/"},{"@type":"ListItem","position":2,"name":"Shop","item":"https:\/\/dogalcicekcilik.net.tr\/"},{"@type":"ListItem","position":3,"name":"Limon Servi"}]},{"@type":"WebSite","@id":"https:\/\/dogalcicekcilik.net.tr\/#website","url":"https:\/\/dogalcicekcilik.net.tr\/","name":"Do\u011fal \u00c7i\u00e7ek\u00e7ilik","description":"","potentialAction":[{"@type":"SearchAction","target":{"@type":"EntryPoint","urlTemplate":"https:\/\/dogalcicekcilik.net.tr\/?s={search_term_string}"},"query-input":{"@type":"PropertyValueSpecification","valueRequired":true,"valueName":"search_term_string"}}],"inLanguage":"tr"}]}},"jetpack_sharing_enabled":true,"_links":{"self":[{"href":"https:\/\/dogalcicekcilik.net.tr\/index.php?rest_route=\/wp\/v2\/product\/37","targetHints":{"allow":["GET"]}}],"collection":[{"href":"https:\/\/dogalcicekcilik.net.tr\/index.php?rest_route=\/wp\/v2\/product"}],"about":[{"href":"https:\/\/dogalcicekcilik.net.tr\/index.php?rest_route=\/wp\/v2\/types\/product"}],"replies":[{"embeddable":true,"href":"https:\/\/dogalcicekcilik.net.tr\/index.php?rest_route=%2Fwp%2Fv2%2Fcomments&post=37"}],"wp:featuredmedia":[{"embeddable":true,"href":"https:\/\/dogalcicekcilik.net.tr\/index.php?rest_route=\/wp\/v2\/media\/38"}],"wp:attachment":[{"href":"https:\/\/dogalcicekcilik.net.tr\/index.php?rest_route=%2Fwp%2Fv2%2Fmedia&parent=37"}],"wp:term":[{"taxonomy":"product_brand","embeddable":true,"href":"https:\/\/dogalcicekcilik.net.tr\/index.php?rest_route=%2Fwp%2Fv2%2Fproduct_brand&post=37"},{"taxonomy":"product_cat","embeddable":true,"href":"https:\/\/dogalcicekcilik.net.tr\/index.php?rest_route=%2Fwp%2Fv2%2Fproduct_cat&post=37"},{"taxonomy":"product_tag","embeddable":true,"href":"https:\/\/dogalcicekcilik.net.tr\/index.php?rest_route=%2Fwp%2Fv2%2Fproduct_tag&post=37"}],"curies":[{"name":"wp","href":"https:\/\/api.w.org\/{rel}","templated":true}]}}