{"id":8,"date":"2023-07-08T22:44:52","date_gmt":"2023-07-08T22:44:52","guid":{"rendered":"https:\/\/dogalcicekcilik.net.tr\/?page_id=8"},"modified":"2025-01-15T04:09:41","modified_gmt":"2025-01-15T01:09:41","slug":"cart","status":"publish","type":"page","link":"https:\/\/dogalcicekcilik.net.tr\/?page_id=8","title":{"rendered":"Cart"},"content":{"rendered":"<div class=\"woocommerce\"><div class=\"woocommerce-notices-wrapper\"><\/div><div class=\"wc-empty-cart-message\">\n\t<div class=\"cart-empty woocommerce-info\">\n\t\tSepetiniz \u015fu anda bo\u015f.\t<\/div>\n<\/div>\t<p class=\"return-to-shop\">\n\t\t<a class=\"button wc-backward\" href=\"https:\/\/dogalcicekcilik.net.tr\/\">\n\t\t\tMa\u011fazaya geri d\u00f6n\t\t<\/a>\n\t<\/p>\n<\/div>","protected":false},"excerpt":{"rendered":"","protected":false},"author":1,"featured_media":0,"parent":0,"menu_order":0,"comment_status":"closed","ping_status":"closed","template":"","meta":{"_regular_price":[],"currency_symbol":[],"_joinchat":[],"footnotes":""},"class_list":["post-8","page","type-page","status-publish","hentry"],"post_slider_layout_featured_media_urls":{"thumbnail":"","post_slider_layout_landscape_large":"","post_slider_layout_portrait_large":"","post_slider_layout_square_large":"","post_slider_layout_landscape":"","post_slider_layout_portrait":"","post_slider_layout_square":"","full":""},"yoast_head":"<!-- This site is optimized with the Yoast SEO plugin v27.4 - https:\/\/yoast.com\/product\/yoast-seo-wordpress\/ -->\n<title>Cart - Do\u011fal \u00c7i\u00e7ek\u00e7ilik<\/title>\n<meta name=\"robots\" content=\"index, follow, max-snippet:-1, max-image-preview:large, max-video-preview:-1\" \/>\n<link rel=\"canonical\" href=\"https:\/\/dogalcicekcilik.net.tr\/?page_id=8\" \/>\n<meta property=\"og:locale\" content=\"tr_TR\" \/>\n<meta property=\"og:type\" content=\"article\" \/>\n<meta property=\"og:title\" content=\"Cart - Do\u011fal \u00c7i\u00e7ek\u00e7ilik\" \/>\n<meta property=\"og:url\" content=\"https:\/\/dogalcicekcilik.net.tr\/?page_id=8\" \/>\n<meta property=\"og:site_name\" content=\"Do\u011fal \u00c7i\u00e7ek\u00e7ilik\" \/>\n<meta property=\"article:modified_time\" content=\"2025-01-15T01:09:41+00:00\" \/>\n<meta name=\"twitter:card\" content=\"summary_large_image\" \/>\n<script type=\"application\/ld+json\" class=\"yoast-schema-graph\">{\"@context\":\"https:\\\/\\\/schema.org\",\"@graph\":[{\"@type\":\"WebPage\",\"@id\":\"https:\\\/\\\/dogalcicekcilik.net.tr\\\/?page_id=8\",\"url\":\"https:\\\/\\\/dogalcicekcilik.net.tr\\\/?page_id=8\",\"name\":\"Cart - Do\u011fal \u00c7i\u00e7ek\u00e7ilik\",\"isPartOf\":{\"@id\":\"https:\\\/\\\/dogalcicekcilik.net.tr\\\/#website\"},\"datePublished\":\"2023-07-08T22:44:52+00:00\",\"dateModified\":\"2025-01-15T01:09:41+00:00\",\"breadcrumb\":{\"@id\":\"https:\\\/\\\/dogalcicekcilik.net.tr\\\/?page_id=8#breadcrumb\"},\"inLanguage\":\"tr\",\"potentialAction\":[{\"@type\":\"ReadAction\",\"target\":[\"https:\\\/\\\/dogalcicekcilik.net.tr\\\/?page_id=8\"]}]},{\"@type\":\"BreadcrumbList\",\"@id\":\"https:\\\/\\\/dogalcicekcilik.net.tr\\\/?page_id=8#breadcrumb\",\"itemListElement\":[{\"@type\":\"ListItem\",\"position\":1,\"name\":\"Anasayfa\",\"item\":\"https:\\\/\\\/dogalcicekcilik.net.tr\\\/\"},{\"@type\":\"ListItem\",\"position\":2,\"name\":\"Cart\"}]},{\"@type\":\"WebSite\",\"@id\":\"https:\\\/\\\/dogalcicekcilik.net.tr\\\/#website\",\"url\":\"https:\\\/\\\/dogalcicekcilik.net.tr\\\/\",\"name\":\"Do\u011fal \u00c7i\u00e7ek\u00e7ilik\",\"description\":\"\",\"potentialAction\":[{\"@type\":\"SearchAction\",\"target\":{\"@type\":\"EntryPoint\",\"urlTemplate\":\"https:\\\/\\\/dogalcicekcilik.net.tr\\\/?s={search_term_string}\"},\"query-input\":{\"@type\":\"PropertyValueSpecification\",\"valueRequired\":true,\"valueName\":\"search_term_string\"}}],\"inLanguage\":\"tr\"}]}<\/script>\n<!-- \/ Yoast SEO plugin. -->","yoast_head_json":{"title":"Cart - Do\u011fal \u00c7i\u00e7ek\u00e7ilik","robots":{"index":"index","follow":"follow","max-snippet":"max-snippet:-1","max-image-preview":"max-image-preview:large","max-video-preview":"max-video-preview:-1"},"canonical":"https:\/\/dogalcicekcilik.net.tr\/?page_id=8","og_locale":"tr_TR","og_type":"article","og_title":"Cart - Do\u011fal \u00c7i\u00e7ek\u00e7ilik","og_url":"https:\/\/dogalcicekcilik.net.tr\/?page_id=8","og_site_name":"Do\u011fal \u00c7i\u00e7ek\u00e7ilik","article_modified_time":"2025-01-15T01:09:41+00:00","twitter_card":"summary_large_image","schema":{"@context":"https:\/\/schema.org","@graph":[{"@type":"WebPage","@id":"https:\/\/dogalcicekcilik.net.tr\/?page_id=8","url":"https:\/\/dogalcicekcilik.net.tr\/?page_id=8","name":"Cart - Do\u011fal \u00c7i\u00e7ek\u00e7ilik","isPartOf":{"@id":"https:\/\/dogalcicekcilik.net.tr\/#website"},"datePublished":"2023-07-08T22:44:52+00:00","dateModified":"2025-01-15T01:09:41+00:00","breadcrumb":{"@id":"https:\/\/dogalcicekcilik.net.tr\/?page_id=8#breadcrumb"},"inLanguage":"tr","potentialAction":[{"@type":"ReadAction","target":["https:\/\/dogalcicekcilik.net.tr\/?page_id=8"]}]},{"@type":"BreadcrumbList","@id":"https:\/\/dogalcicekcilik.net.tr\/?page_id=8#breadcrumb","itemListElement":[{"@type":"ListItem","position":1,"name":"Anasayfa","item":"https:\/\/dogalcicekcilik.net.tr\/"},{"@type":"ListItem","position":2,"name":"Cart"}]},{"@type":"WebSite","@id":"https:\/\/dogalcicekcilik.net.tr\/#website","url":"https:\/\/dogalcicekcilik.net.tr\/","name":"Do\u011fal \u00c7i\u00e7ek\u00e7ilik","description":"","potentialAction":[{"@type":"SearchAction","target":{"@type":"EntryPoint","urlTemplate":"https:\/\/dogalcicekcilik.net.tr\/?s={search_term_string}"},"query-input":{"@type":"PropertyValueSpecification","valueRequired":true,"valueName":"search_term_string"}}],"inLanguage":"tr"}]}},"jetpack_sharing_enabled":true,"_links":{"self":[{"href":"https:\/\/dogalcicekcilik.net.tr\/index.php?rest_route=\/wp\/v2\/pages\/8","targetHints":{"allow":["GET"]}}],"collection":[{"href":"https:\/\/dogalcicekcilik.net.tr\/index.php?rest_route=\/wp\/v2\/pages"}],"about":[{"href":"https:\/\/dogalcicekcilik.net.tr\/index.php?rest_route=\/wp\/v2\/types\/page"}],"author":[{"embeddable":true,"href":"https:\/\/dogalcicekcilik.net.tr\/index.php?rest_route=\/wp\/v2\/users\/1"}],"replies":[{"embeddable":true,"href":"https:\/\/dogalcicekcilik.net.tr\/index.php?rest_route=%2Fwp%2Fv2%2Fcomments&post=8"}],"version-history":[{"count":1,"href":"https:\/\/dogalcicekcilik.net.tr\/index.php?rest_route=\/wp\/v2\/pages\/8\/revisions"}],"predecessor-version":[{"id":93,"href":"https:\/\/dogalcicekcilik.net.tr\/index.php?rest_route=\/wp\/v2\/pages\/8\/revisions\/93"}],"wp:attachment":[{"href":"https:\/\/dogalcicekcilik.net.tr\/index.php?rest_route=%2Fwp%2Fv2%2Fmedia&parent=8"}],"curies":[{"name":"wp","href":"https:\/\/api.w.org\/{rel}","templated":true}]}}